{"id":25947,"date":"2021-09-07T11:47:22","date_gmt":"2021-09-07T08:47:22","guid":{"rendered":"https:\/\/technolysis-hts.gr\/?post_type=product&#038;p=25947"},"modified":"2025-06-25T11:55:15","modified_gmt":"2025-06-25T08:55:15","slug":"hikvision-ds-pdb-in-universalbracket","status":"publish","type":"product","link":"https:\/\/technolysis-hts.gr\/en\/product\/hikvision-ds-pdb-in-universalbracket\/","title":{"rendered":"HIKVISION DS-PDB-IN-Universalbracket <br> \u0392\u03ac\u03c3\u03b7 \u03a3\u03c4\u03ae\u03c1\u03b9\u03be\u03b7\u03c2 \u03a4\u03bf\u03af\u03c7\u03bf\u03c5 \u03ba\u03b1\u03b9 \u039f\u03c1\u03bf\u03c6\u03ae\u03c2 Universal"},"content":{"rendered":"<h2><strong>HIKVISION DS-PDB-IN-Universalbracket \u0392\u03ac\u03c3\u03b7 \u03a3\u03c4\u03ae\u03c1\u03b9\u03be\u03b7\u03c2 \u03a4\u03bf\u03af\u03c7\u03bf\u03c5 \u03b3\u03b9\u03b1 \u03b1\u03bd\u03b9\u03c7\u03bd\u03b5\u03c5\u03c4\u03ad\u03c2 \u03c4\u03b7\u03c2 HIKVISION (DS-PDP18-EG2)<\/strong><\/h2>\n<p>HIKVISION DS-PDB-IN-Universalbracket \u0392\u03ac\u03c3\u03b7 \u03a3\u03c4\u03ae\u03c1\u03b9\u03be\u03b7\u03c2 \u03a4\u03bf\u03af\u03c7\u03bf\u03c5 \u03ba\u03b1\u03b9 \u039f\u03c1\u03bf\u03c6\u03ae\u03c2 Universal. \u039a\u03b1\u03c4\u03ac\u03bb\u03bb\u03b7\u03bb\u03b7 \u03b3\u03b9\u03b1 \u03c3\u03c4\u03b5\u03c1\u03ad\u03c9\u03c3\u03b7 \u03c4\u03bf\u03c5 \u03b1\u03bd\u03b9\u03c7\u03bd\u03b5\u03c5\u03c4\u03ae \u03c3\u03b5<strong> \u03ba\u03ac\u03b8\u03b5\u03c4\u03bf \u03c4\u03bf\u03af\u03c7\u03bf<\/strong> \u03b1\u03bb\u03bb\u03ac \u03ba\u03b1\u03b9 \u03c3\u03b5 <strong>\u03bf\u03c1\u03bf\u03c6\u03ae<\/strong>. Universal \u03c3\u03c7\u03b5\u03b4\u03b9\u03b1\u03c3\u03bc\u03cc\u03c2, \u03ce\u03c3\u03c4\u03b5 \u03bd\u03b1 \u03c4\u03b1\u03b9\u03c1\u03b9\u03ac\u03b6\u03b5\u03b9 \u03c3\u03b5 \u03c0\u03bb\u03b7\u03b8\u03ce\u03c1\u03b1 \u03b1\u03bd\u03b9\u03c7\u03bd\u03b5\u03c5\u03c4\u03ce\u03bd \u03b5\u03c3\u03c9\u03c4\u03b5\u03c1\u03b9\u03ba\u03bf\u03cd \u03c7\u03ce\u03c1\u03bf\u03c5, \u03cc\u03c0\u03c9\u03c2 \u03c6\u03c5\u03c3\u03b9\u03ba\u03ac \u03ba\u03b1\u03b9 \u03c3\u03c4\u03bf\u03bd \u03b1\u03bd\u03b9\u03c7\u03bd\u03b5\u03c5\u03c4\u03ae <span style=\"color: #ff6600;\"><a style=\"color: #ff6600;\" href=\"https:\/\/technolysis-hts.gr\/en\/product\/hikvision_ds-pdp18-eg2_pet_immunity\/\"><strong>DS-PDP18-EG2<\/strong><\/a><\/span> \u03c4\u03b7\u03c2 HIKVISION. \u0395\u03c0\u03b9\u03c4\u03c1\u03ad\u03c0\u03b5\u03b9 \u03bf\u03c1\u03b9\u03b6\u03cc\u03bd\u03c4\u03b9\u03b1 \u03c0\u03b5\u03c1\u03b9\u03c3\u03c4\u03c1\u03bf\u03c6\u03ae -40\u00b0 \u03c9\u03c2 +40\u00b0 \u03ba\u03b1\u03b8\u03ce\u03c2 \u03ba\u03b1\u03b9 \u03ba\u03ac\u03b8\u03b5\u03c4\u03b7 \u03c0\u03b5\u03c1\u03b9\u03c3\u03c4\u03c1\u03bf\u03c6\u03ae \u03b1\u03c0\u03cc 0\u00b0 \u03c9\u03c2 90\u00b0. \u0394\u03b9\u03b1\u03c3\u03c4\u03ac\u03c3\u03b5\u03b9\u03c2 (\u03a0x\u0392xY): 29.3&#215;53.2&#215;35.5 mm. \u0392\u03ac\u03c1\u03bf\u03c2: 13gr<\/p>\n<p><strong>\u03a4\u03b5\u03c7\u03bd\u03b9\u03ba\u03ac \u03a7\u03b1\u03c1\u03b1\u03ba\u03c4\u03b7\u03c1\u03b9\u03c3\u03c4\u03b9\u03ba\u03ac:<\/strong><br \/>\nMulti-angle adjustment<br \/>\nInstallation methods: wall mounting and ceiling mounting<br \/>\nUsed cooperatively with indoor detector<br \/>\nShell material: PC<br \/>\nDimension (W \u00d7 H \u00d7 D): 29.3mm \u00d7 53.2mm \u00d7 35.5mm<br \/>\nWeight: 13 g<br \/>\nAdjustable angle Horizontal: -40 \u00b0 to 40 \u00b0<br \/>\nAdjustable angle Vertical: 0 \u00b0 to 90 \u00b0<br \/>\nInstallation method: Wall mounting \/ Ceiling mounting<\/p>","protected":false},"excerpt":{"rendered":"<ul>\n<li>\u039a\u03b1\u03c4\u03ac\u03bb\u03bb\u03b7\u03bb\u03b7 \u03b3\u03b9\u03b1 \u03c3\u03c4\u03b5\u03c1\u03ad\u03c9\u03c3\u03b7\u00a0 \u03c3\u03b5 <strong>\u03ba\u03ac\u03b8\u03b5\u03c4\u03bf \u03c4\u03bf\u03af\u03c7\u03bf<\/strong> \u03ba\u03b1\u03b9 <strong>\u03bf\u03c1\u03bf\u03c6\u03ae<\/strong>.<\/li>\n<li><strong>Universal<\/strong> \u03c3\u03c7\u03b5\u03b4\u03b9\u03b1\u03c3\u03bc\u03cc\u03c2, \u03ce\u03c3\u03c4\u03b5 \u03bd\u03b1 \u03c4\u03b1\u03b9\u03c1\u03b9\u03ac\u03b6\u03b5\u03b9 \u03c3\u03b5 \u03c0\u03bb\u03b7\u03b8\u03ce\u03c1\u03b1 \u03b1\u03bd\u03b9\u03c7\u03bd\u03b5\u03c5\u03c4\u03ce\u03bd \u03b5\u03c3\u03c9\u03c4\u03b5\u03c1\u03b9\u03ba\u03bf\u03cd \u03c7\u03ce\u03c1\u03bf\u03c5<\/li>\n<li>\u039f\u03c1\u03b9\u03b6\u03cc\u03bd\u03c4\u03b9\u03b1 \u03c0\u03b5\u03c1\u03b9\u03c3\u03c4\u03c1\u03bf\u03c6\u03ae <strong>-40\u00b0 \u03c9\u03c2 +40\u00b0<\/strong>\u00a0 \u03ba\u03ac\u03b8\u03b5\u03c4\u03b7 \u03c0\u03b5\u03c1\u03b9\u03c3\u03c4\u03c1\u03bf\u03c6\u03ae \u03b1\u03c0\u03cc <strong>0\u00b0 \u03c9\u03c2 90\u00b0<\/strong><\/li>\n<li>\u0394\u03b9\u03b1\u03c3\u03c4\u03ac\u03c3\u03b5\u03b9\u03c2 (\u03a0x\u0392xY): 29.3&#215;53.2&#215;35.5 mm.<\/li>\n<\/ul>","protected":false},"featured_media":25948,"comment_status":"closed","ping_status":"closed","template":"","meta":{"_acf_changed":false},"pwb-brand":[96],"product_cat":[760],"product_tag":[351,353,249],"class_list":{"0":"post-25947","1":"product","2":"type-product","3":"status-publish","4":"has-post-thumbnail","6":"pwb-brand-hikvision","7":"product_cat-motion-detectors-pir","8":"product_tag-dsc","9":"product_tag-lc-100","10":"product_tag-pir","12":"first","13":"outofstock","14":"shipping-taxable","15":"purchasable","16":"product-type-simple"},"acf":[],"brands":[{"id":96,"name":"HIKVISION","slug":"hikvision"}],"_links":{"self":[{"href":"https:\/\/technolysis-hts.gr\/en\/wp-json\/wp\/v2\/product\/25947","targetHints":{"allow":["GET"]}}],"collection":[{"href":"https:\/\/technolysis-hts.gr\/en\/wp-json\/wp\/v2\/product"}],"about":[{"href":"https:\/\/technolysis-hts.gr\/en\/wp-json\/wp\/v2\/types\/product"}],"replies":[{"embeddable":true,"href":"https:\/\/technolysis-hts.gr\/en\/wp-json\/wp\/v2\/comments?post=25947"}],"wp:featuredmedia":[{"embeddable":true,"href":"https:\/\/technolysis-hts.gr\/en\/wp-json\/wp\/v2\/media\/25948"}],"wp:attachment":[{"href":"https:\/\/technolysis-hts.gr\/en\/wp-json\/wp\/v2\/media?parent=25947"}],"wp:term":[{"taxonomy":"pwb-brand","embeddable":true,"href":"https:\/\/technolysis-hts.gr\/en\/wp-json\/wp\/v2\/pwb-brand?post=25947"},{"taxonomy":"product_cat","embeddable":true,"href":"https:\/\/technolysis-hts.gr\/en\/wp-json\/wp\/v2\/product_cat?post=25947"},{"taxonomy":"product_tag","embeddable":true,"href":"https:\/\/technolysis-hts.gr\/en\/wp-json\/wp\/v2\/product_tag?post=25947"}],"curies":[{"name":"wp","href":"https:\/\/api.w.org\/{rel}","templated":true}]}}